{"id":257779,"date":"2019-12-03T18:17:24","date_gmt":"2019-12-04T00:17:24","guid":{"rendered":"http:\/\/www.coyoteaventuras.mx\/spanish\/?page_id=25"},"modified":"2024-07-05T00:55:26","modified_gmt":"2024-07-05T06:55:26","slug":"acerca","status":"publish","type":"page","link":"https:\/\/coyoteaventuras.com\/es\/acerca\/","title":{"rendered":"Acerca"},"content":{"rendered":"<p>[et_pb_section fb_built=\u00bb1&#8243; fullwidth=\u00bbon\u00bb admin_label=\u00bbABOUT Header\u00bb _builder_version=\u00bb4.16&#8243; background_color=\u00bb#000000&#8243; custom_padding=\u00bb0px|0|0px|0px|false|false\u00bb locked=\u00bboff\u00bb collapsed=\u00bbon\u00bb global_colors_info=\u00bb{}\u00bb][et_pb_fullwidth_header text_orientation=\u00bbcenter\u00bb header_fullscreen=\u00bbon\u00bb background_overlay_color=\u00bbrgba(0,0,0,0)\u00bb content_max_width=\u00bb90%\u00bb _builder_version=\u00bb4.22.1&#8243; title_level=\u00bbh2&#8243; title_font=\u00bbCoyote|700|||||||\u00bb title_text_align=\u00bbcenter\u00bb title_font_size=\u00bb60px\u00bb title_letter_spacing=\u00bb3px\u00bb title_line_height=\u00bb1.4em\u00bb content_font=\u00bbCoyote||||||||\u00bb content_text_align=\u00bbcenter\u00bb content_font_size=\u00bb18px\u00bb content_line_height=\u00bb2em\u00bb subhead_font=\u00bbCoyote||||||||\u00bb subhead_text_align=\u00bbcenter\u00bb subhead_font_size=\u00bb30px\u00bb subhead_line_height=\u00bb2em\u00bb background_color=\u00bbrgba(255,255,255,0)\u00bb background_image=\u00bbhttps:\/\/coyoteaventuras.mx\/wp-content\/uploads\/2020\/07\/about-cover.jpg\u00bb custom_button_one=\u00bbon\u00bb button_one_text_size=\u00bb17px\u00bb button_one_text_color=\u00bb#ffffff\u00bb button_one_bg_color=\u00bb#ff6b5a\u00bb button_one_border_width=\u00bb7px\u00bb button_one_border_color=\u00bb#ff6b5a\u00bb button_one_border_radius=\u00bb100px\u00bb button_one_font=\u00bbNoto Sans|700||on|||||\u00bb button_one_use_icon=\u00bboff\u00bb custom_margin=\u00bb|||\u00bb custom_padding=\u00bb110px||110px||true\u00bb custom_padding_tablet=\u00bb100px|||\u00bb custom_padding_phone=\u00bb\u00bb custom_padding_last_edited=\u00bbon|phone\u00bb animation_style=\u00bbfade\u00bb animation_direction=\u00bbtop\u00bb title_font_size_tablet=\u00bb36px\u00bb title_font_size_phone=\u00bb\u00bb title_font_size_last_edited=\u00bbon|phone\u00bb subhead_font_size_tablet=\u00bb\u00bb subhead_font_size_phone=\u00bb20px\u00bb subhead_font_size_last_edited=\u00bbon|desktop\u00bb subhead_line_height_tablet=\u00bb\u00bb subhead_line_height_phone=\u00bb1.5em\u00bb subhead_line_height_last_edited=\u00bbon|phone\u00bb button_one_text_color_hover=\u00bb#ffffff\u00bb button_one_border_color_hover=\u00bb#ff9e59&#8243; button_one_border_radius_hover=\u00bb100px\u00bb button_one_bg_color_hover=\u00bb#ff9e59&#8243; global_colors_info=\u00bb{}\u00bb button_one_text_size__hover_enabled=\u00bboff\u00bb button_two_text_size__hover_enabled=\u00bboff\u00bb button_one_text_color__hover_enabled=\u00bbon\u00bb button_one_text_color__hover=\u00bb#ffffff\u00bb button_two_text_color__hover_enabled=\u00bboff\u00bb button_one_border_width__hover_enabled=\u00bboff\u00bb button_two_border_width__hover_enabled=\u00bboff\u00bb button_one_border_color__hover_enabled=\u00bbon\u00bb button_one_border_color__hover=\u00bb#ff9e59&#8243; button_two_border_color__hover_enabled=\u00bboff\u00bb button_one_border_radius__hover_enabled=\u00bbon\u00bb button_one_border_radius__hover=\u00bb100px\u00bb button_two_border_radius__hover_enabled=\u00bboff\u00bb button_one_letter_spacing__hover_enabled=\u00bboff\u00bb button_two_letter_spacing__hover_enabled=\u00bboff\u00bb button_one_bg_color__hover_enabled=\u00bbon\u00bb button_one_bg_color__hover=\u00bb#ff9e59&#8243; button_two_bg_color__hover_enabled=\u00bboff\u00bb][\/et_pb_fullwidth_header][\/et_pb_section][et_pb_section fb_built=\u00bb1&#8243; admin_label=\u00bbA start up based in Oaxaca Mexico\u00bb _builder_version=\u00bb4.16&#8243; background_color=\u00bb#ffffff\u00bb background_image=\u00bbhttps:\/\/coyoteaventuras.mx\/wp-content\/uploads\/2019\/12\/travel-landscape-19.jpg\u00bb parallax=\u00bbon\u00bb custom_padding=\u00bb||0px||false|false\u00bb collapsed=\u00bboff\u00bb global_colors_info=\u00bb{}\u00bb][et_pb_row module_class=\u00bb et_pb_row_fullwidth\u00bb _builder_version=\u00bb4.16&#8243; width_tablet=\u00bb\u00bb width_phone=\u00bb\u00bb width_last_edited=\u00bbon|desktop\u00bb max_width_tablet=\u00bb\u00bb max_width_phone=\u00bb\u00bb max_width_last_edited=\u00bbon|phone\u00bb custom_margin=\u00bb|||\u00bb custom_padding=\u00bb|||\u00bb make_fullwidth=\u00bbon\u00bb global_colors_info=\u00bb{}\u00bb][et_pb_column type=\u00bb4_4&#8243; _builder_version=\u00bb4.16&#8243; background_position=\u00bbtop_left\u00bb custom_padding=\u00bb|||\u00bb global_colors_info=\u00bb{}\u00bb custom_padding__hover=\u00bb|||\u00bb][et_pb_text admin_label=\u00bbCoyote Aventuras\u00bb _builder_version=\u00bb4.16&#8243; text_font=\u00bbRoboto||||\u00bb text_text_color=\u00bb#1a1a1a\u00bb text_font_size=\u00bb24px\u00bb text_line_height=\u00bb1.4em\u00bb header_font=\u00bbCoyote|700||on|||||\u00bb header_text_align=\u00bbcenter\u00bb header_font_size=\u00bb40px\u00bb header_letter_spacing=\u00bb2px\u00bb header_line_height=\u00bb1.2em\u00bb header_2_font=\u00bbCoyote|||on|||||\u00bb header_2_text_align=\u00bbcenter\u00bb header_2_font_size=\u00bb32px\u00bb header_2_letter_spacing=\u00bb1px\u00bb header_2_line_height=\u00bb1.3em\u00bb header_3_font=\u00bbCoyote|||on|||||\u00bb header_3_text_align=\u00bbcenter\u00bb header_3_text_color=\u00bb#939393&#8243; header_3_font_size=\u00bb34px\u00bb header_3_letter_spacing=\u00bb1px\u00bb custom_margin=\u00bb15px||||false|false\u00bb custom_padding=\u00bb30px|||\u00bb animation_style=\u00bbslide\u00bb animation_direction=\u00bbtop\u00bb animation_delay=\u00bb200ms\u00bb animation_intensity_slide=\u00bb10%\u00bb header_font_size_tablet=\u00bb28px\u00bb header_font_size_phone=\u00bb28px\u00bb header_font_size_last_edited=\u00bbon|phone\u00bb locked=\u00bboff\u00bb global_colors_info=\u00bb{}\u00bb]<\/p>\n<h1>COYOTE AVENTURAS<\/h1>\n<p>[\/et_pb_text][et_pb_divider divider_position=\u00bbcenter\u00bb divider_weight=\u00bb1px\u00bb disabled_on=\u00bboff|off|off\u00bb admin_label=\u00bbDivider\u00bb _builder_version=\u00bb4.16&#8243; module_alignment=\u00bbcenter\u00bb height=\u00bbfalse\u00bb animation_style=\u00bbslide\u00bb animation_direction=\u00bbtop\u00bb animation_delay=\u00bb100ms\u00bb animation_intensity_slide=\u00bb10%\u00bb locked=\u00bboff\u00bb global_colors_info=\u00bb{}\u00bb][\/et_pb_divider][et_pb_text admin_label=\u00bbTexto\u00bb _builder_version=\u00bb4.16&#8243; text_font=\u00bbNoto Sans||||||||\u00bb text_orientation=\u00bbjustified\u00bb custom_padding=\u00bb||60px|\u00bb animation_style=\u00bbslide\u00bb animation_direction=\u00bbtop\u00bb animation_intensity_slide=\u00bb4%\u00bb locked=\u00bboff\u00bb global_colors_info=\u00bb{}\u00bb]<\/p>\n<p>Coyote Aventuras es una empresa social establecida en 2015. Somos una Operadora de Turismo de Aventura con todos los permisos necesarios para operar viajes, expediciones, retiros, tours, transporte, eventos, etc.<\/p>\n<p>Creemos en el poder medicinal de la naturaleza, desde los viajes, enfrentando desaf\u00edos de la mente, cuerpo y esp\u00edritu al escalar una monta\u00f1a o rodar por los senderos en tierras sagradas para los zapotecos. Nuestro modelo de negocio ha sido dise\u00f1ado para traer beneficios econ\u00f3micos y sociales en los lugares en donde estamos presentes.\u00a0<\/p>\n<p>Cuando viajas con Coyote Aventuras est\u00e1s apoyando la econom\u00eda local.<\/p>\n<p>Nuestros valores: Libertad, Solidaridad, Respeto, Igualdad, Sostenibilidad, Tolerancia, Pacifismo, Cooperaci\u00f3n, Comunidad, Creatividad, Innovaci\u00f3n, Esp\u00edritu inquebrantable.<\/p>\n<p>[\/et_pb_text][et_pb_divider divider_position=\u00bbcenter\u00bb divider_weight=\u00bb1px\u00bb disabled_on=\u00bboff|off|off\u00bb admin_label=\u00bbDivider\u00bb _builder_version=\u00bb4.16&#8243; module_alignment=\u00bbcenter\u00bb height=\u00bbfalse\u00bb animation_style=\u00bbslide\u00bb animation_direction=\u00bbtop\u00bb animation_delay=\u00bb100ms\u00bb animation_intensity_slide=\u00bb10%\u00bb locked=\u00bboff\u00bb global_colors_info=\u00bb{}\u00bb][\/et_pb_divider][\/et_pb_column][\/et_pb_row][et_pb_row column_structure=\u00bb1_2,1_2&#8243; _builder_version=\u00bb4.16&#8243; _module_preset=\u00bbdefault\u00bb global_colors_info=\u00bb{}\u00bb][et_pb_column type=\u00bb1_2&#8243; _builder_version=\u00bb4.16&#8243; _module_preset=\u00bbdefault\u00bb global_colors_info=\u00bb{}\u00bb][et_pb_button button_url=\u00bb@ET-DC@eyJkeW5hbWljIjp0cnVlLCJjb250ZW50IjoicG9zdF9saW5rX3VybF9wYWdlIiwic2V0dGluZ3MiOnsicG9zdF9pZCI6IjY0NzAifX0=@\u00bb button_text=\u00bbServicios\u00bb button_alignment=\u00bbcenter\u00bb admin_label=\u00bbServicios\u00bb _builder_version=\u00bb4.16&#8243; _dynamic_attributes=\u00bbbutton_url\u00bb _module_preset=\u00bbdefault\u00bb global_colors_info=\u00bb{}\u00bb][\/et_pb_button][\/et_pb_column][et_pb_column type=\u00bb1_2&#8243; _builder_version=\u00bb4.16&#8243; _module_preset=\u00bbdefault\u00bb global_colors_info=\u00bb{}\u00bb][et_pb_button button_url=\u00bb@ET-DC@eyJkeW5hbWljIjp0cnVlLCJjb250ZW50IjoicG9zdF9saW5rX3VybF9wYWdlIiwic2V0dGluZ3MiOnsicG9zdF9pZCI6IjY0NTEifX0=@\u00bb button_text=\u00bbEl Equipo\u00bb button_alignment=\u00bbcenter\u00bb admin_label=\u00bbEquipo\u00bb _builder_version=\u00bb4.16&#8243; _dynamic_attributes=\u00bbbutton_url\u00bb _module_preset=\u00bbdefault\u00bb global_colors_info=\u00bb{}\u00bb][\/et_pb_button][\/et_pb_column][\/et_pb_row][\/et_pb_section][et_pb_section fb_built=\u00bb1&#8243; admin_label=\u00bbETHOS\u00bb _builder_version=\u00bb4.16&#8243; custom_padding=\u00bb80px||110px||false|false\u00bb collapsed=\u00bboff\u00bb global_colors_info=\u00bb{}\u00bb][et_pb_row _builder_version=\u00bb4.16&#8243; global_colors_info=\u00bb{}\u00bb][et_pb_column type=\u00bb4_4&#8243; _builder_version=\u00bb4.16&#8243; global_colors_info=\u00bb{}\u00bb][et_pb_text admin_label=\u00bbEthos Coyote\u00bb _builder_version=\u00bb4.25.1&#8243; text_font=\u00bb||||\u00bb text_text_color=\u00bb#1a1a1a\u00bb header_font=\u00bbCoyote|700||on|||||\u00bb header_text_align=\u00bbcenter\u00bb header_font_size=\u00bb40px\u00bb header_letter_spacing=\u00bb2px\u00bb header_line_height=\u00bb1.3em\u00bb header_2_font_size=\u00bb36px\u00bb animation_style=\u00bbslide\u00bb animation_direction=\u00bbtop\u00bb animation_intensity_slide=\u00bb10%\u00bb header_font_size_tablet=\u00bb36px\u00bb header_font_size_phone=\u00bb36px\u00bb header_font_size_last_edited=\u00bbon|phone\u00bb global_colors_info=\u00bb{}\u00bb]<\/p>\n<h2 style=\"text-align: center;\"><span style=\"font-weight: 400;\">FILOSOF\u00cdA COYOTE <\/span><\/h2>\n<p>[\/et_pb_text][et_pb_divider divider_position=\u00bbcenter\u00bb divider_weight=\u00bb2px\u00bb disabled_on=\u00bboff|off|off\u00bb _builder_version=\u00bb4.16&#8243; height=\u00bbfalse\u00bb animation_style=\u00bbslide\u00bb animation_direction=\u00bbtop\u00bb animation_delay=\u00bb100ms\u00bb animation_intensity_slide=\u00bb10%\u00bb locked=\u00bboff\u00bb global_colors_info=\u00bb{}\u00bb][\/et_pb_divider][et_pb_text admin_label=\u00bbTexto \u00bb _builder_version=\u00bb4.16&#8243; text_font=\u00bbNoto Sans||||||||\u00bb text_orientation=\u00bbjustified\u00bb custom_padding=\u00bb30px|||\u00bb animation_style=\u00bbfade\u00bb animation_direction=\u00bbtop\u00bb animation_delay=\u00bb200ms\u00bb global_colors_info=\u00bb{}\u00bb]<\/p>\n<p>Somos personas de alma y mentalidad comunitaria. Caminamos, andamos en <a href=\"https:\/\/coyoteaventuras.com\/es\/aventuras\/visitas\/bicicleta-de-montana-oaxaca\/\">bicicleta<\/a>, escalamos, comemos, re\u00edmos y aprendemos de nuestros anfitriones locales. Pedimos permiso, log\u00edstica y espiritualmente, para adentrarnos en cada zona e invitamos a nuestros anfitriones a que se unan a la aventura. Nos esforzamos por compartir Oaxaca en todo su esplendor y complejidad.<\/p>\n<p>Al mismo tiempo que nos desafiamos en un nuevo terreno, sabemos que obtener crecimiento personal y perspectiva es inevitable en nuestro camino. Un sentido de inspiraci\u00f3n y humildad persigue cada viaje a las monta\u00f1as, ya sea aprendido de las costumbres y la hospitalidad de las comunidades ind\u00edgenas o del secreto puro de los senderos Oaxaque\u00f1os. Nos sentimos honrados de compartir esta tierra con locales y extranjeros por igual, a la vez que establecemos conexiones que seguramente alimentan el deseo de cualquiera de profundizar y viajar m\u00e1s all\u00e1 de lo ordinario.<\/p>\n<p>[\/et_pb_text][\/et_pb_column][\/et_pb_row][et_pb_row admin_label=\u00bbComunity\u00bb _builder_version=\u00bb4.16&#8243; global_colors_info=\u00bb{}\u00bb][et_pb_column type=\u00bb4_4&#8243; _builder_version=\u00bb4.16&#8243; custom_padding=\u00bb|||\u00bb global_colors_info=\u00bb{}\u00bb custom_padding__hover=\u00bb|||\u00bb][et_pb_button button_url=\u00bbhttps:\/\/coyoteaventuras.com\/es\/\u00bb url_new_window=\u00bbon\u00bb button_text=\u00bb7 principios no dejes rastro\u00bb button_alignment=\u00bbcenter\u00bb _builder_version=\u00bb4.25.2&#8243; _module_preset=\u00bbdefault\u00bb custom_margin=\u00bb30px||||false|false\u00bb global_colors_info=\u00bb{}\u00bb][\/et_pb_button][\/et_pb_column][\/et_pb_row][\/et_pb_section][et_pb_section fb_built=\u00bb1&#8243; admin_label=\u00bbCintillo 7 Columnas\u00bb _builder_version=\u00bb4.16&#8243; background_color=\u00bb#f4f4f4&#8243; width=\u00bb100%\u00bb custom_margin=\u00bb0px||0px||false|false\u00bb custom_padding=\u00bb0px||0px||false|false\u00bb collapsed=\u00bboff\u00bb global_colors_info=\u00bb{}\u00bb][et_pb_row make_equal=\u00bbon\u00bb admin_label=\u00bb7 Columnas\u00bb module_class=\u00bbeight-columns\u00bb _builder_version=\u00bb4.16&#8243; background_enable_color=\u00bboff\u00bb width=\u00bb100%\u00bb max_width=\u00bb100%\u00bb module_alignment=\u00bbcenter\u00bb custom_margin=\u00bb0px|auto|0px|auto|false|false\u00bb custom_padding=\u00bb0px||0px||false|false\u00bb collapsed=\u00bboff\u00bb global_colors_info=\u00bb{}\u00bb][et_pb_column type=\u00bb4_4&#8243; _builder_version=\u00bb4.16&#8243; global_colors_info=\u00bb{}\u00bb][et_pb_image src=\u00bbhttps:\/\/coyoteaventuras.mx\/wp-content\/uploads\/2020\/10\/senderismo.jpg\u00bb title_text=\u00bbsenderismo\u00bb url=\u00bb@ET-DC@eyJkeW5hbWljIjp0cnVlLCJjb250ZW50IjoicG9zdF9saW5rX3VybF9wYWdlIiwic2V0dGluZ3MiOnsicG9zdF9pZCI6IjE0MDUifX0=@\u00bb use_overlay=\u00bbon\u00bb overlay_icon_color=\u00bbrgba(0,0,0,0)\u00bb hover_overlay_color=\u00bbrgba(0,0,0,0.5)\u00bb show_bottom_space=\u00bboff\u00bb align=\u00bbcenter\u00bb force_fullwidth=\u00bbon\u00bb align_tablet=\u00bbcenter\u00bb align_phone=\u00bb\u00bb align_last_edited=\u00bbon|desktop\u00bb admin_label=\u00bbSenderismo\u00bb _builder_version=\u00bb4.16&#8243; _dynamic_attributes=\u00bburl\u00bb animation_style=\u00bbzoom\u00bb animation_intensity_zoom=\u00bb10%\u00bb global_colors_info=\u00bb{}\u00bb][\/et_pb_image][et_pb_image src=\u00bbhttps:\/\/coyoteaventuras.mx\/wp-content\/uploads\/2020\/10\/bici-montana-1.jpg\u00bb title_text=\u00bbbici-montana\u00bb url=\u00bb@ET-DC@eyJkeW5hbWljIjp0cnVlLCJjb250ZW50IjoicG9zdF9saW5rX3VybF9wYWdlIiwic2V0dGluZ3MiOnsicG9zdF9pZCI6IjE3NTUifX0=@\u00bb use_overlay=\u00bbon\u00bb overlay_icon_color=\u00bbrgba(0,0,0,0)\u00bb hover_overlay_color=\u00bbrgba(0,0,0,0.5)\u00bb show_bottom_space=\u00bboff\u00bb align=\u00bbcenter\u00bb force_fullwidth=\u00bbon\u00bb align_tablet=\u00bbcenter\u00bb align_phone=\u00bb\u00bb align_last_edited=\u00bbon|desktop\u00bb admin_label=\u00bbBici de Monta\u00f1a\u00bb _builder_version=\u00bb4.16&#8243; _dynamic_attributes=\u00bburl\u00bb animation_style=\u00bbzoom\u00bb animation_intensity_zoom=\u00bb10%\u00bb global_colors_info=\u00bb{}\u00bb][\/et_pb_image][et_pb_image src=\u00bbhttps:\/\/coyoteaventuras.mx\/wp-content\/uploads\/2020\/10\/escalada.jpg\u00bb title_text=\u00bbescalada\u00bb url=\u00bb@ET-DC@eyJkeW5hbWljIjp0cnVlLCJjb250ZW50IjoicG9zdF9saW5rX3VybF9wYWdlIiwic2V0dGluZ3MiOnsicG9zdF9pZCI6IjE0MDcifX0=@\u00bb use_overlay=\u00bbon\u00bb overlay_icon_color=\u00bbrgba(0,0,0,0)\u00bb hover_overlay_color=\u00bbrgba(0,0,0,0.5)\u00bb show_bottom_space=\u00bboff\u00bb align=\u00bbcenter\u00bb force_fullwidth=\u00bbon\u00bb align_tablet=\u00bbcenter\u00bb align_phone=\u00bb\u00bb align_last_edited=\u00bbon|desktop\u00bb admin_label=\u00bbEscalada\u00bb _builder_version=\u00bb4.16&#8243; _dynamic_attributes=\u00bburl\u00bb animation_style=\u00bbzoom\u00bb animation_delay=\u00bb200ms\u00bb animation_intensity_zoom=\u00bb10%\u00bb locked=\u00bboff\u00bb global_colors_info=\u00bb{}\u00bb][\/et_pb_image][et_pb_image src=\u00bbhttps:\/\/coyoteaventuras.mx\/wp-content\/uploads\/2020\/06\/enduro-cover2.jpg\u00bb title_text=\u00bbenduro-cover2&#8243; url=\u00bb@ET-DC@eyJkeW5hbWljIjp0cnVlLCJjb250ZW50IjoicG9zdF9saW5rX3VybF9wYWdlIiwic2V0dGluZ3MiOnsicG9zdF9pZCI6IjEyMDUifX0=@\u00bb use_overlay=\u00bbon\u00bb overlay_icon_color=\u00bbrgba(0,0,0,0)\u00bb hover_overlay_color=\u00bbrgba(0,0,0,0.5)\u00bb show_bottom_space=\u00bboff\u00bb align=\u00bbcenter\u00bb force_fullwidth=\u00bbon\u00bb align_tablet=\u00bbcenter\u00bb align_phone=\u00bb\u00bb align_last_edited=\u00bbon|desktop\u00bb admin_label=\u00bbEnduro\u00bb _builder_version=\u00bb4.16&#8243; _dynamic_attributes=\u00bburl\u00bb animation_style=\u00bbzoom\u00bb animation_delay=\u00bb600ms\u00bb animation_intensity_zoom=\u00bb10%\u00bb locked=\u00bboff\u00bb global_colors_info=\u00bb{}\u00bb][\/et_pb_image][et_pb_image src=\u00bbhttps:\/\/coyoteaventuras.mx\/wp-content\/uploads\/2020\/10\/arte-cultura-1.jpg\u00bb title_text=\u00bbarte-cultura\u00bb url=\u00bb@ET-DC@eyJkeW5hbWljIjp0cnVlLCJjb250ZW50IjoicG9zdF9saW5rX3VybF9wYWdlIiwic2V0dGluZ3MiOnsicG9zdF9pZCI6IjE0MTMifX0=@\u00bb use_overlay=\u00bbon\u00bb overlay_icon_color=\u00bbrgba(0,0,0,0)\u00bb hover_overlay_color=\u00bbrgba(0,0,0,0.5)\u00bb show_bottom_space=\u00bboff\u00bb force_fullwidth=\u00bbon\u00bb align_tablet=\u00bbcenter\u00bb align_phone=\u00bb\u00bb align_last_edited=\u00bbon|desktop\u00bb admin_label=\u00bbArte y Cultura\u00bb _builder_version=\u00bb4.16&#8243; _dynamic_attributes=\u00bburl\u00bb animation_style=\u00bbzoom\u00bb animation_delay=\u00bb700ms\u00bb animation_intensity_zoom=\u00bb10%\u00bb locked=\u00bboff\u00bb global_colors_info=\u00bb{}\u00bb][\/et_pb_image][et_pb_image src=\u00bbhttps:\/\/coyoteaventuras.mx\/wp-content\/uploads\/2020\/10\/salud-bienestar.jpg\u00bb title_text=\u00bbsalud-bienestar\u00bb url=\u00bb@ET-DC@eyJkeW5hbWljIjp0cnVlLCJjb250ZW50IjoicG9zdF9saW5rX3VybF9wYWdlIiwic2V0dGluZ3MiOnsicG9zdF9pZCI6IjE0MTEifX0=@\u00bb use_overlay=\u00bbon\u00bb overlay_icon_color=\u00bbrgba(0,0,0,0)\u00bb hover_overlay_color=\u00bbrgba(0,0,0,0.5)\u00bb show_bottom_space=\u00bboff\u00bb align=\u00bbcenter\u00bb force_fullwidth=\u00bbon\u00bb align_tablet=\u00bbcenter\u00bb align_phone=\u00bb\u00bb align_last_edited=\u00bbon|desktop\u00bb admin_label=\u00bbSalud y Bienestar\u00bb _builder_version=\u00bb4.16&#8243; _dynamic_attributes=\u00bburl\u00bb custom_margin=\u00bb||0px||false|false\u00bb custom_padding=\u00bb||0px||false|false\u00bb animation_style=\u00bbzoom\u00bb animation_delay=\u00bb400ms\u00bb animation_intensity_zoom=\u00bb10%\u00bb global_colors_info=\u00bb{}\u00bb][\/et_pb_image][et_pb_image src=\u00bbhttps:\/\/coyoteaventuras.mx\/wp-content\/uploads\/2020\/10\/bici-ciudad.jpg\u00bb title_text=\u00bbbici-ciudad\u00bb url=\u00bb@ET-DC@eyJkeW5hbWljIjp0cnVlLCJjb250ZW50IjoicG9zdF9saW5rX3VybF9wYWdlIiwic2V0dGluZ3MiOnsicG9zdF9pZCI6IjE3ODEifX0=@\u00bb use_overlay=\u00bbon\u00bb overlay_icon_color=\u00bbrgba(0,0,0,0)\u00bb hover_overlay_color=\u00bbrgba(0,0,0,0.5)\u00bb show_bottom_space=\u00bboff\u00bb align=\u00bbcenter\u00bb force_fullwidth=\u00bbon\u00bb align_tablet=\u00bbcenter\u00bb align_phone=\u00bb\u00bb align_last_edited=\u00bbon|desktop\u00bb admin_label=\u00bbBici en Ciudad\u00bb _builder_version=\u00bb4.16&#8243; _dynamic_attributes=\u00bburl\u00bb custom_margin=\u00bb||0px||false|false\u00bb custom_padding=\u00bb||0px||false|false\u00bb animation_style=\u00bbzoom\u00bb animation_delay=\u00bb500ms\u00bb animation_intensity_zoom=\u00bb10%\u00bb locked=\u00bboff\u00bb global_colors_info=\u00bb{}\u00bb][\/et_pb_image][et_pb_image src=\u00bbhttps:\/\/coyoteaventuras.mx\/wp-content\/uploads\/2020\/10\/expediciones.jpg\u00bb title_text=\u00bbexpediciones\u00bb url=\u00bb@ET-DC@eyJkeW5hbWljIjp0cnVlLCJjb250ZW50IjoicG9zdF9saW5rX3VybF9wYWdlIiwic2V0dGluZ3MiOnsicG9zdF9pZCI6IjE0MDkifX0=@\u00bb use_overlay=\u00bbon\u00bb overlay_icon_color=\u00bbrgba(0,0,0,0)\u00bb hover_overlay_color=\u00bbrgba(0,0,0,0.5)\u00bb show_bottom_space=\u00bboff\u00bb align=\u00bbcenter\u00bb force_fullwidth=\u00bbon\u00bb align_tablet=\u00bbcenter\u00bb align_phone=\u00bb\u00bb align_last_edited=\u00bbon|desktop\u00bb admin_label=\u00bbExpediciones\u00bb _builder_version=\u00bb4.16&#8243; _dynamic_attributes=\u00bburl\u00bb custom_margin=\u00bb||0px||false|false\u00bb custom_padding=\u00bb||0px||false|false\u00bb animation_style=\u00bbzoom\u00bb animation_delay=\u00bb300ms\u00bb animation_intensity_zoom=\u00bb10%\u00bb locked=\u00bboff\u00bb global_colors_info=\u00bb{}\u00bb][\/et_pb_image][\/et_pb_column][\/et_pb_row][\/et_pb_section]<\/p>\n","protected":false},"excerpt":{"rendered":"<p>COYOTE AVENTURASCoyote Aventuras es una empresa social establecida en 2015. Somos una Operadora de Turismo de Aventura con todos los permisos necesarios para operar viajes, expediciones, retiros, tours, transporte, eventos, etc. Creemos en el poder medicinal de la naturaleza, desde los viajes, enfrentando desaf\u00edos de la mente, cuerpo y esp\u00edritu al escalar una monta\u00f1a o [&hellip;]<\/p>\n","protected":false},"author":1,"featured_media":0,"parent":0,"menu_order":2,"comment_status":"closed","ping_status":"closed","template":"","meta":{"_et_pb_use_builder":"on","_et_pb_old_content":"","_et_gb_content_width":"","footnotes":""},"class_list":["post-257779","page","type-page","status-publish","hentry"],"_links":{"self":[{"href":"https:\/\/coyoteaventuras.com\/es\/wp-json\/wp\/v2\/pages\/257779","targetHints":{"allow":["GET"]}}],"collection":[{"href":"https:\/\/coyoteaventuras.com\/es\/wp-json\/wp\/v2\/pages"}],"about":[{"href":"https:\/\/coyoteaventuras.com\/es\/wp-json\/wp\/v2\/types\/page"}],"author":[{"embeddable":true,"href":"https:\/\/coyoteaventuras.com\/es\/wp-json\/wp\/v2\/users\/1"}],"replies":[{"embeddable":true,"href":"https:\/\/coyoteaventuras.com\/es\/wp-json\/wp\/v2\/comments?post=257779"}],"version-history":[{"count":6,"href":"https:\/\/coyoteaventuras.com\/es\/wp-json\/wp\/v2\/pages\/257779\/revisions"}],"predecessor-version":[{"id":261441,"href":"https:\/\/coyoteaventuras.com\/es\/wp-json\/wp\/v2\/pages\/257779\/revisions\/261441"}],"wp:attachment":[{"href":"https:\/\/coyoteaventuras.com\/es\/wp-json\/wp\/v2\/media?parent=257779"}],"curies":[{"name":"wp","href":"https:\/\/api.w.org\/{rel}","templated":true}]}}