{"id":6369,"date":"2020-12-08T08:53:12","date_gmt":"2020-12-08T14:53:12","guid":{"rendered":"https:\/\/coyoteaventuras.mx\/?page_id=6369"},"modified":"2020-12-08T08:53:12","modified_gmt":"2020-12-08T14:53:12","slug":"covid19-medidas-reglamento","status":"publish","type":"page","link":"https:\/\/coyoteaventuras.com\/es\/acerca\/covid19-medidas-reglamento\/","title":{"rendered":"Covid 19 Medidas y Reglamento"},"content":{"rendered":"<p>[et_pb_section fb_built=\u00bb1&#8243; fullwidth=\u00bbon\u00bb admin_label=\u00bbOAXACA Header\u00bb _builder_version=\u00bb4.16&#8243; background_color=\u00bb#000000&#8243; custom_padding=\u00bb0px|0|0px|0px|false|false\u00bb da_disable_devices=\u00bboff|off|off\u00bb locked=\u00bboff\u00bb collapsed=\u00bboff\u00bb global_colors_info=\u00bb{}\u00bb da_is_popup=\u00bboff\u00bb da_exit_intent=\u00bboff\u00bb da_has_close=\u00bbon\u00bb da_alt_close=\u00bboff\u00bb da_dark_close=\u00bboff\u00bb da_not_modal=\u00bbon\u00bb da_is_singular=\u00bboff\u00bb da_with_loader=\u00bboff\u00bb da_has_shadow=\u00bbon\u00bb][et_pb_fullwidth_header text_orientation=\u00bbcenter\u00bb header_fullscreen=\u00bbon\u00bb background_overlay_color=\u00bbrgba(0,0,0,0)\u00bb content_max_width=\u00bb90%\u00bb _builder_version=\u00bb4.16&#8243; title_level=\u00bbh2&#8243; title_font=\u00bbCoyote|700|||||||\u00bb title_text_align=\u00bbcenter\u00bb title_font_size=\u00bb60px\u00bb title_letter_spacing=\u00bb3px\u00bb title_line_height=\u00bb1.4em\u00bb content_font=\u00bbCoyote||||||||\u00bb content_text_align=\u00bbcenter\u00bb content_font_size=\u00bb18px\u00bb content_line_height=\u00bb2em\u00bb subhead_font=\u00bbCoyote||||||||\u00bb subhead_text_align=\u00bbcenter\u00bb subhead_font_size=\u00bb30px\u00bb subhead_line_height=\u00bb2em\u00bb background_color=\u00bbrgba(255,255,255,0)\u00bb background_image=\u00bbhttps:\/\/coyoteaventuras.mx\/wp-content\/uploads\/2020\/12\/covid.jpg\u00bb parallax=\u00bbon\u00bb parallax_method=\u00bbon\u00bb custom_button_one=\u00bbon\u00bb button_one_text_size=\u00bb17px\u00bb button_one_text_color=\u00bb#ffffff\u00bb button_one_bg_color=\u00bb#ff6b5a\u00bb button_one_border_width=\u00bb7px\u00bb button_one_border_color=\u00bb#ff6b5a\u00bb button_one_border_radius=\u00bb100px\u00bb button_one_font=\u00bbNoto Sans|700||on|||||\u00bb button_one_use_icon=\u00bboff\u00bb custom_margin=\u00bb|||\u00bb custom_padding=\u00bb110px||110px||true\u00bb custom_padding_tablet=\u00bb100px|||\u00bb custom_padding_phone=\u00bb\u00bb custom_padding_last_edited=\u00bbon|phone\u00bb animation_style=\u00bbfade\u00bb animation_direction=\u00bbtop\u00bb title_font_size_tablet=\u00bb36px\u00bb title_font_size_phone=\u00bb\u00bb title_font_size_last_edited=\u00bbon|phone\u00bb subhead_font_size_tablet=\u00bb\u00bb subhead_font_size_phone=\u00bb20px\u00bb subhead_font_size_last_edited=\u00bbon|desktop\u00bb subhead_line_height_tablet=\u00bb\u00bb subhead_line_height_phone=\u00bb1.5em\u00bb subhead_line_height_last_edited=\u00bbon|phone\u00bb button_one_text_color_hover=\u00bb#ffffff\u00bb button_one_border_color_hover=\u00bb#ff9e59&#8243; button_one_border_radius_hover=\u00bb100px\u00bb button_one_bg_color_hover=\u00bb#ff9e59&#8243; global_colors_info=\u00bb{}\u00bb button_one_text_size__hover_enabled=\u00bboff\u00bb button_two_text_size__hover_enabled=\u00bboff\u00bb button_one_text_color__hover_enabled=\u00bbon\u00bb button_one_text_color__hover=\u00bb#ffffff\u00bb button_two_text_color__hover_enabled=\u00bboff\u00bb button_one_border_width__hover_enabled=\u00bboff\u00bb button_two_border_width__hover_enabled=\u00bboff\u00bb button_one_border_color__hover_enabled=\u00bbon\u00bb button_one_border_color__hover=\u00bb#ff9e59&#8243; button_two_border_color__hover_enabled=\u00bboff\u00bb button_one_border_radius__hover_enabled=\u00bbon\u00bb button_one_border_radius__hover=\u00bb100px\u00bb button_two_border_radius__hover_enabled=\u00bboff\u00bb button_one_letter_spacing__hover_enabled=\u00bboff\u00bb button_two_letter_spacing__hover_enabled=\u00bboff\u00bb button_one_bg_color__hover_enabled=\u00bbon\u00bb button_one_bg_color__hover=\u00bb#ff9e59&#8243; button_two_bg_color__hover_enabled=\u00bboff\u00bb][\/et_pb_fullwidth_header][\/et_pb_section][et_pb_section fb_built=\u00bb1&#8243; admin_label=\u00bbA start up based in Oaxaca Mexico\u00bb _builder_version=\u00bb4.16&#8243; background_image=\u00bbhttps:\/\/coyoteaventuras.mx\/wp-content\/uploads\/2019\/12\/travel-landscape-19.jpg\u00bb parallax=\u00bbon\u00bb custom_padding=\u00bb||||false|false\u00bb da_disable_devices=\u00bboff|off|off\u00bb collapsed=\u00bboff\u00bb global_colors_info=\u00bb{}\u00bb da_is_popup=\u00bboff\u00bb da_exit_intent=\u00bboff\u00bb da_has_close=\u00bbon\u00bb da_alt_close=\u00bboff\u00bb da_dark_close=\u00bboff\u00bb da_not_modal=\u00bbon\u00bb da_is_singular=\u00bboff\u00bb da_with_loader=\u00bboff\u00bb da_has_shadow=\u00bbon\u00bb][et_pb_row module_class=\u00bb et_pb_row_fullwidth\u00bb _builder_version=\u00bb4.16&#8243; width_tablet=\u00bb\u00bb width_phone=\u00bb\u00bb width_last_edited=\u00bbon|desktop\u00bb max_width_tablet=\u00bb\u00bb max_width_phone=\u00bb\u00bb max_width_last_edited=\u00bbon|phone\u00bb custom_margin=\u00bb|||\u00bb custom_padding=\u00bb|||\u00bb make_fullwidth=\u00bbon\u00bb global_colors_info=\u00bb{}\u00bb][et_pb_column type=\u00bb4_4&#8243; _builder_version=\u00bb4.16&#8243; background_position=\u00bbtop_left\u00bb custom_padding=\u00bb|||\u00bb global_colors_info=\u00bb{}\u00bb custom_padding__hover=\u00bb|||\u00bb][et_pb_text admin_label=\u00bbTravel out of the box \/\/ Oaxaca &#038; M\u00e9xico\u00bb _builder_version=\u00bb4.16&#8243; text_font=\u00bbRoboto||||\u00bb text_text_color=\u00bb#1a1a1a\u00bb text_font_size=\u00bb24px\u00bb text_line_height=\u00bb1.4em\u00bb header_font=\u00bbCoyote|700||on|||||\u00bb header_text_align=\u00bbcenter\u00bb header_font_size=\u00bb40px\u00bb header_letter_spacing=\u00bb2px\u00bb header_line_height=\u00bb1.2em\u00bb header_2_font=\u00bbCoyote|||on|||||\u00bb header_2_text_align=\u00bbcenter\u00bb header_2_font_size=\u00bb32px\u00bb header_2_letter_spacing=\u00bb1px\u00bb header_2_line_height=\u00bb1.3em\u00bb header_3_font=\u00bbCoyote|||on|||||\u00bb header_3_text_align=\u00bbcenter\u00bb header_3_text_color=\u00bb#939393&#8243; header_3_font_size=\u00bb34px\u00bb header_3_letter_spacing=\u00bb1px\u00bb custom_margin=\u00bb15px||||false|false\u00bb custom_padding=\u00bb30px|||\u00bb animation_style=\u00bbslide\u00bb animation_direction=\u00bbtop\u00bb animation_delay=\u00bb200ms\u00bb animation_intensity_slide=\u00bb10%\u00bb header_font_size_tablet=\u00bb28px\u00bb header_font_size_phone=\u00bb28px\u00bb header_font_size_last_edited=\u00bbon|phone\u00bb locked=\u00bboff\u00bb global_colors_info=\u00bb{}\u00bb]<\/p>\n<h1>COVID-19 Medidas y Reglas<\/h1>\n<p>[\/et_pb_text][et_pb_divider divider_position=\u00bbcenter\u00bb divider_weight=\u00bb1px\u00bb disabled_on=\u00bboff|off|off\u00bb admin_label=\u00bbDivider\u00bb _builder_version=\u00bb4.16&#8243; module_alignment=\u00bbcenter\u00bb height=\u00bbfalse\u00bb animation_style=\u00bbslide\u00bb animation_direction=\u00bbtop\u00bb animation_delay=\u00bb100ms\u00bb animation_intensity_slide=\u00bb10%\u00bb locked=\u00bboff\u00bb global_colors_info=\u00bb{}\u00bb][\/et_pb_divider][et_pb_text admin_label=\u00bbwe belive in&#8230;\u00bb _builder_version=\u00bb4.16&#8243; text_font=\u00bbNoto Sans||||||||\u00bb text_text_color=\u00bb#7c7c7c\u00bb text_orientation=\u00bbjustified\u00bb custom_padding=\u00bb||60px|\u00bb animation_style=\u00bbslide\u00bb animation_direction=\u00bbtop\u00bb animation_intensity_slide=\u00bb4%\u00bb locked=\u00bboff\u00bb global_colors_info=\u00bb{}\u00bb]<\/p>\n<p>Estimado viajero, antes de viajar a Oaxaca y a sus comunidades, toma las precauciones adecuadas e inf\u00f3rmate bien para protegerte y cuidar de quienes te rodean. Sigue las recomendaciones de los organismos de salud p\u00fablica de tu zona.<br \/> Para evitar la propagaci\u00f3n de la COVID-19. Por favor atiende las siguientes medidas antes y durante de la aventura.<\/p>\n<ul>\n<li>L\u00e1vate las manos con frecuencia. Usa agua y jab\u00f3n o un desinfectante de manos a base de alcohol (el equipo de Coyote Aventuras puede proporcionarlo).<\/li>\n<li>Mant\u00e9n una distancia de seguridad con todas las personas (1.5 metros)<\/li>\n<li>Utiliza cubrebocas en todo momento al visitar pueblos, talleres, galer\u00edas, restaurantes, tiendas, iglesias, sitios hist\u00f3ricos, sitios arqueol\u00f3gicos, etc.<\/li>\n<li>No te toques los ojos, la nariz ni la boca.<\/li>\n<li>Cuando tosas o estornudes, c\u00fabrete la nariz y la boca con el codo flexionado o con un pa\u00f1uelo.<\/li>\n<li>Si no te encuentras bien, qu\u00e9date en casa o alojamiento.<\/li>\n<li>En caso de que tengas fiebre, tos o dificultad para respirar, busca atenci\u00f3n m\u00e9dica (te podemos apoyar con los contactos necesarios).<\/li>\n<\/ul>\n<p>De esta forma, te proteger\u00e1s a ti y evitar\u00e1s la propagaci\u00f3n de virus y otras infecciones. Gracias por ser solidario con los reglamentos locales y con la poblaci\u00f3n de Oaxaca.<\/p>\n<p>[\/et_pb_text][\/et_pb_column][\/et_pb_row][\/et_pb_section]<\/p>\n","protected":false},"excerpt":{"rendered":"<p>COVID-19 Medidas y ReglasEstimado viajero, antes de viajar a Oaxaca y a sus comunidades, toma las precauciones adecuadas e inf\u00f3rmate bien para protegerte y cuidar de quienes te rodean. Sigue las recomendaciones de los organismos de salud p\u00fablica de tu zona. Para evitar la propagaci\u00f3n de la COVID-19. Por favor atiende las siguientes medidas antes [&hellip;]<\/p>\n","protected":false},"author":1,"featured_media":6368,"parent":257779,"menu_order":0,"comment_status":"closed","ping_status":"closed","template":"","meta":{"_et_pb_use_builder":"on","_et_pb_old_content":"","_et_gb_content_width":"","footnotes":""},"class_list":["post-6369","page","type-page","status-publish","has-post-thumbnail","hentry"],"_links":{"self":[{"href":"https:\/\/coyoteaventuras.com\/es\/wp-json\/wp\/v2\/pages\/6369","targetHints":{"allow":["GET"]}}],"collection":[{"href":"https:\/\/coyoteaventuras.com\/es\/wp-json\/wp\/v2\/pages"}],"about":[{"href":"https:\/\/coyoteaventuras.com\/es\/wp-json\/wp\/v2\/types\/page"}],"author":[{"embeddable":true,"href":"https:\/\/coyoteaventuras.com\/es\/wp-json\/wp\/v2\/users\/1"}],"replies":[{"embeddable":true,"href":"https:\/\/coyoteaventuras.com\/es\/wp-json\/wp\/v2\/comments?post=6369"}],"version-history":[{"count":0,"href":"https:\/\/coyoteaventuras.com\/es\/wp-json\/wp\/v2\/pages\/6369\/revisions"}],"up":[{"embeddable":true,"href":"https:\/\/coyoteaventuras.com\/es\/wp-json\/wp\/v2\/pages\/257779"}],"wp:featuredmedia":[{"embeddable":true,"href":"https:\/\/coyoteaventuras.com\/es\/wp-json\/"}],"wp:attachment":[{"href":"https:\/\/coyoteaventuras.com\/es\/wp-json\/wp\/v2\/media?parent=6369"}],"curies":[{"name":"wp","href":"https:\/\/api.w.org\/{rel}","templated":true}]}}